{"id":39438,"date":"2022-10-28T13:10:09","date_gmt":"2022-10-28T11:10:09","guid":{"rendered":"https:\/\/paulinedumail.com\/?post_type=product&#038;p=39438"},"modified":"2025-03-01T10:42:11","modified_gmt":"2025-03-01T09:42:11","slug":"la-vie-est-un-parfum-respirez-la-avec-ses-4-marque-pages-parfumes","status":"publish","type":"product","link":"https:\/\/paulinedumail.com\/index.php\/produit\/la-vie-est-un-parfum-respirez-la-avec-ses-4-marque-pages-parfumes\/","title":{"rendered":"La Vie est un Parfum, Respirez-la ! Avec ses 4 marque-pages parfum\u00e9s"},"content":{"rendered":"<p>[et_pb_section fb_built=\u00a0\u00bb1&Prime; _builder_version=\u00a0\u00bb4.16&Prime; custom_padding=\u00a0\u00bb0px||||false|false\u00a0\u00bb global_colors_info=\u00a0\u00bb{}\u00a0\u00bb][et_pb_row _builder_version=\u00a0\u00bb4.16&Prime; background_size=\u00a0\u00bbinitial\u00a0\u00bb background_position=\u00a0\u00bbtop_left\u00a0\u00bb background_repeat=\u00a0\u00bbrepeat\u00a0\u00bb width=\u00a0\u00bb100%\u00a0\u00bb custom_padding=\u00a0\u00bb0px||0px||false|false\u00a0\u00bb global_colors_info=\u00a0\u00bb{}\u00a0\u00bb][et_pb_column type=\u00a0\u00bb4_4&Prime; _builder_version=\u00a0\u00bb4.16&Prime; custom_padding=\u00a0\u00bb|||\u00a0\u00bb global_colors_info=\u00a0\u00bb{}\u00a0\u00bb custom_padding__hover=\u00a0\u00bb|||\u00a0\u00bb][et_pb_wc_breadcrumb _builder_version=\u00a0\u00bb4.16&Prime; global_colors_info=\u00a0\u00bb{}\u00a0\u00bb][\/et_pb_wc_breadcrumb][et_pb_wc_cart_notice _builder_version=\u00a0\u00bb4.16&Prime; global_colors_info=\u00a0\u00bb{}\u00a0\u00bb][\/et_pb_wc_cart_notice][\/et_pb_column][\/et_pb_row][et_pb_row column_structure=\u00a0\u00bb1_2,1_2&Prime; _builder_version=\u00a0\u00bb4.16&Prime; background_size=\u00a0\u00bbinitial\u00a0\u00bb background_position=\u00a0\u00bbtop_left\u00a0\u00bb background_repeat=\u00a0\u00bbrepeat\u00a0\u00bb width=\u00a0\u00bb100%\u00a0\u00bb custom_padding=\u00a0\u00bb0px||||false|false\u00a0\u00bb global_colors_info=\u00a0\u00bb{}\u00a0\u00bb][et_pb_column type=\u00a0\u00bb1_2&Prime; _builder_version=\u00a0\u00bb4.16&Prime; custom_padding=\u00a0\u00bb|||\u00a0\u00bb global_colors_info=\u00a0\u00bb{}\u00a0\u00bb custom_padding__hover=\u00a0\u00bb|||\u00a0\u00bb][et_pb_wc_images _builder_version=\u00a0\u00bb4.18.1&Prime; box_shadow_style=\u00a0\u00bbpreset5&Prime; box_shadow_horizontal=\u00a0\u00bb1px\u00a0\u00bb box_shadow_blur=\u00a0\u00bb1px\u00a0\u00bb box_shadow_color=\u00a0\u00bba8d4d6 \u00a0\u00bb global_colors_info=\u00a0\u00bb{}\u00a0\u00bb][\/et_pb_wc_images][\/et_pb_column][et_pb_column type=\u00a0\u00bb1_2&Prime; _builder_version=\u00a0\u00bb4.16&Prime; custom_padding=\u00a0\u00bb|||\u00a0\u00bb global_colors_info=\u00a0\u00bb{}\u00a0\u00bb custom_padding__hover=\u00a0\u00bb|||\u00a0\u00bb][et_pb_wc_title _builder_version=\u00a0\u00bb4.18.1&Prime; global_colors_info=\u00a0\u00bb{}\u00a0\u00bb][\/et_pb_wc_title][et_pb_wc_rating _builder_version=\u00a0\u00bb4.16&Prime; global_colors_info=\u00a0\u00bb{}\u00a0\u00bb][\/et_pb_wc_rating][et_pb_wc_price _builder_version=\u00a0\u00bb4.18.1&Prime; global_colors_info=\u00a0\u00bb{}\u00a0\u00bb][\/et_pb_wc_price][et_pb_wc_description _builder_version=\u00a0\u00bb4.16&Prime; global_colors_info=\u00a0\u00bb{}\u00a0\u00bb][\/et_pb_wc_description][et_pb_wc_add_to_cart _builder_version=\u00a0\u00bb4.17.4&Prime; global_colors_info=\u00a0\u00bb{}\u00a0\u00bb][\/et_pb_wc_add_to_cart][et_pb_wc_meta _builder_version=\u00a0\u00bb4.17.4&Prime; global_colors_info=\u00a0\u00bb{}\u00a0\u00bb][\/et_pb_wc_meta][\/et_pb_column][\/et_pb_row][et_pb_row _builder_version=\u00a0\u00bb4.16&Prime; background_size=\u00a0\u00bbinitial\u00a0\u00bb background_position=\u00a0\u00bbtop_left\u00a0\u00bb background_repeat=\u00a0\u00bbrepeat\u00a0\u00bb width=\u00a0\u00bb100%\u00a0\u00bb global_colors_info=\u00a0\u00bb{}\u00a0\u00bb][et_pb_column type=\u00a0\u00bb4_4&Prime; _builder_version=\u00a0\u00bb4.16&Prime; custom_padding=\u00a0\u00bb|||\u00a0\u00bb global_colors_info=\u00a0\u00bb{}\u00a0\u00bb custom_padding__hover=\u00a0\u00bb|||\u00a0\u00bb][et_pb_wc_tabs _builder_version=\u00a0\u00bb4.17.4&Prime; global_colors_info=\u00a0\u00bb{}\u00a0\u00bb]\t\t\t\t\t[\/et_pb_wc_tabs][et_pb_wc_upsells _builder_version=\u00a0\u00bb4.16&Prime; global_colors_info=\u00a0\u00bb{}\u00a0\u00bb][\/et_pb_wc_upsells][et_pb_wc_related_products _builder_version=\u00a0\u00bb4.16&Prime; global_colors_info=\u00a0\u00bb{}\u00a0\u00bb][\/et_pb_wc_related_products][\/et_pb_column][\/et_pb_row][\/et_pb_section]<\/p>\n","protected":false},"excerpt":{"rendered":"<h3>Roman de Pauline Dumail<\/h3>\n<p><span style=\"color: #3a4697;\"><strong>Ce livre est livr\u00e9 avec les 4 marque-pages parfum\u00e9s myst\u00e8res. Ces parfums sont ceux<\/strong><\/span><span style=\"color: #3a4697;\"><strong> des 4 personnages principaux du livre. A vous de deviner lequel. Regardez-bien la couleur de la gommette qui ferme le sachet, c&rsquo;est elle qui vous permettra de v\u00e9rifier si votre nez vous dit vrai.\u00a0 <\/strong><\/span><\/p>\n<p><strong>\u00a0<\/strong><\/p>\n<p>Louise est une vieille dame malicieuse au caract\u00e8re bien tremp\u00e9, mais c\u2019est aussi un grand Nez de la parfumerie. Son monde est peupl\u00e9 de senteurs\u00a0: elle connecte aux mondes invisibles avec le bois de santal, apaise avec le petit grain bigaradier et donne (et trouve !) le sourire avec le jasmin. Elle n\u2019h\u00e9site pas non plus \u00e0 utiliser le poivre, au risque et p\u00e9ril des personnes qui l\u2019entourent. C\u2019est d\u2019ailleurs gr\u00e2ce \u00e0 lui qu\u2019elle fait la connaissance de Ma\u00efa.<\/p>\n<p>Arm\u00e9e de son alambic et d\u2019une curiosit\u00e9 insatiable, elle a fait le tour du monde pour r\u00e9colter ses pr\u00e9cieuses essences naturelles. Il est maintenant temps pour elle de transmettre son savoir. Peut-\u00eatre pressent-elle l\u2019importance qu\u2019auront ses pr\u00e9cieux parfums dans quarante ou quatre mille ans ?<\/p>\n","protected":false},"featured_media":39440,"comment_status":"open","ping_status":"closed","template":"","meta":{"_et_pb_use_builder":"on","_et_pb_old_content":"","_et_gb_content_width":"","_price":"29","_stock":"","_tribe_ticket_header":"","_tribe_default_ticket_provider":"","_tribe_ticket_capacity":"11","_ticket_start_date":"","_ticket_end_date":"","_tribe_ticket_show_description":"","_tribe_ticket_show_not_going":false,"_tribe_ticket_use_global_stock":"","_tribe_ticket_global_stock_level":"","_global_stock_mode":"","_global_stock_cap":"","_tribe_rsvp_for_event":"","_tribe_ticket_going_count":"","_tribe_ticket_not_going_count":"","_tribe_tickets_list":"[]","_tribe_ticket_has_attendee_info_fields":false,"_EventAllDay":false,"_EventTimezone":"","_EventStartDate":"","_EventEndDate":"","_EventStartDateUTC":"","_EventEndDateUTC":"","_EventShowMap":false,"_EventShowMapLink":false,"_EventURL":"","_EventCost":"","_EventCostDescription":"","_EventCurrencySymbol":"","_EventCurrencyCode":"","_EventCurrencyPosition":"","_EventDateTimeSeparator":"","_EventTimeRangeSeparator":"","_EventOrganizerID":[],"_EventVenueID":[],"_OrganizerEmail":"","_OrganizerPhone":"","_OrganizerWebsite":"","_VenueAddress":"","_VenueCity":"","_VenueCountry":"","_VenueProvince":"","_VenueState":"","_VenueZip":"","_VenuePhone":"","_VenueURL":"","_VenueStateProvince":"","_VenueLat":"","_VenueLng":"","_VenueShowMap":false,"_VenueShowMapLink":false},"product_brand":[],"product_cat":[49],"product_tag":[],"class_list":{"0":"post-39438","1":"product","2":"type-product","3":"status-publish","4":"has-post-thumbnail","6":"product_cat-non-classe","8":"first","9":"instock","10":"purchasable","11":"product-type-simple"},"aioseo_notices":[],"_links":{"self":[{"href":"https:\/\/paulinedumail.com\/index.php\/wp-json\/wp\/v2\/product\/39438","targetHints":{"allow":["GET"]}}],"collection":[{"href":"https:\/\/paulinedumail.com\/index.php\/wp-json\/wp\/v2\/product"}],"about":[{"href":"https:\/\/paulinedumail.com\/index.php\/wp-json\/wp\/v2\/types\/product"}],"replies":[{"embeddable":true,"href":"https:\/\/paulinedumail.com\/index.php\/wp-json\/wp\/v2\/comments?post=39438"}],"wp:featuredmedia":[{"embeddable":true,"href":"https:\/\/paulinedumail.com\/index.php\/wp-json\/wp\/v2\/media\/39440"}],"wp:attachment":[{"href":"https:\/\/paulinedumail.com\/index.php\/wp-json\/wp\/v2\/media?parent=39438"}],"wp:term":[{"taxonomy":"product_brand","embeddable":true,"href":"https:\/\/paulinedumail.com\/index.php\/wp-json\/wp\/v2\/product_brand?post=39438"},{"taxonomy":"product_cat","embeddable":true,"href":"https:\/\/paulinedumail.com\/index.php\/wp-json\/wp\/v2\/product_cat?post=39438"},{"taxonomy":"product_tag","embeddable":true,"href":"https:\/\/paulinedumail.com\/index.php\/wp-json\/wp\/v2\/product_tag?post=39438"}],"curies":[{"name":"wp","href":"https:\/\/api.w.org\/{rel}","templated":true}]}}