{"id":1573,"date":"2016-05-13T00:28:39","date_gmt":"2016-05-12T23:28:39","guid":{"rendered":"http:\/\/maurice.liamud.com\/paulinedumail\/?page_id=1573"},"modified":"2026-04-07T00:48:40","modified_gmt":"2026-04-06T22:48:40","slug":"mentions-legales","status":"publish","type":"page","link":"https:\/\/paulinedumail.com\/index.php\/mentions-legales\/","title":{"rendered":"MENTIONS LEGALES"},"content":{"rendered":"<p>[et_pb_section fb_built=\u00a0\u00bb1&Prime; _builder_version=\u00a0\u00bb4.16&Prime; global_colors_info=\u00a0\u00bb{}\u00a0\u00bb][et_pb_row column_structure=\u00a0\u00bb1_5,3_5,1_5&Prime; _builder_version=\u00a0\u00bb4.16&Prime; global_colors_info=\u00a0\u00bb{}\u00a0\u00bb][et_pb_column type=\u00a0\u00bb1_5&Prime; _builder_version=\u00a0\u00bb4.16&Prime; global_colors_info=\u00a0\u00bb{}\u00a0\u00bb][et_pb_image src=\u00a0\u00bbhttps:\/\/paulinedumail.com\/wp-content\/uploads\/2020\/07\/plume.gif\u00a0\u00bb title_text=\u00a0\u00bbplume\u00a0\u00bb _builder_version=\u00a0\u00bb4.16&Prime; global_colors_info=\u00a0\u00bb{}\u00a0\u00bb][\/et_pb_image][\/et_pb_column][et_pb_column type=\u00a0\u00bb3_5&Prime; _builder_version=\u00a0\u00bb4.16&Prime; global_colors_info=\u00a0\u00bb{}\u00a0\u00bb][et_pb_divider show_divider=\u00a0\u00bboff\u00a0\u00bb _builder_version=\u00a0\u00bb4.16&Prime; global_colors_info=\u00a0\u00bb{}\u00a0\u00bb][\/et_pb_divider][et_pb_text _builder_version=\u00a0\u00bb4.16&Prime; text_text_color=\u00a0\u00bb#273583&Prime; text_font_size=\u00a0\u00bb14px\u00a0\u00bb header_text_color=\u00a0\u00bb#273583&Prime; header_font_size=\u00a0\u00bb33px\u00a0\u00bb box_shadow_style=\u00a0\u00bbpreset4&Prime; box_shadow_color=\u00a0\u00bb#a8d4d6&Prime; global_colors_info=\u00a0\u00bb{}\u00a0\u00bb]<\/p>\n<h1 style=\"text-align: center;\">Mentions l\u00e9gales<\/h1>\n<p>[\/et_pb_text][\/et_pb_column][et_pb_column type=\u00a0\u00bb1_5&Prime; _builder_version=\u00a0\u00bb4.16&Prime; global_colors_info=\u00a0\u00bb{}\u00a0\u00bb][et_pb_divider show_divider=\u00a0\u00bboff\u00a0\u00bb _builder_version=\u00a0\u00bb4.16&Prime; global_colors_info=\u00a0\u00bb{}\u00a0\u00bb][\/et_pb_divider][\/et_pb_column][\/et_pb_row][\/et_pb_section][et_pb_section fb_built=\u00a0\u00bb1&Prime; admin_label=\u00a0\u00bbsection\u00a0\u00bb _builder_version=\u00a0\u00bb4.16&Prime; global_colors_info=\u00a0\u00bb{}\u00a0\u00bb][et_pb_row padding_mobile=\u00a0\u00bboff\u00a0\u00bb column_padding_mobile=\u00a0\u00bbon\u00a0\u00bb admin_label=\u00a0\u00bbrow\u00a0\u00bb _builder_version=\u00a0\u00bb4.16&Prime; background_size=\u00a0\u00bbinitial\u00a0\u00bb background_position=\u00a0\u00bbtop_left\u00a0\u00bb background_repeat=\u00a0\u00bbrepeat\u00a0\u00bb custom_padding=\u00a0\u00bb|15px||15px\u00a0\u00bb make_fullwidth=\u00a0\u00bboff\u00a0\u00bb use_custom_width=\u00a0\u00bboff\u00a0\u00bb width_unit=\u00a0\u00bbon\u00a0\u00bb global_colors_info=\u00a0\u00bb{}\u00a0\u00bb][et_pb_column type=\u00a0\u00bb4_4&Prime; _builder_version=\u00a0\u00bb4.16&Prime; custom_padding=\u00a0\u00bb|||\u00a0\u00bb global_colors_info=\u00a0\u00bb{}\u00a0\u00bb custom_padding__hover=\u00a0\u00bb|||\u00a0\u00bb][et_pb_text admin_label=\u00a0\u00bbTexte\u00a0\u00bb _builder_version=\u00a0\u00bb4.27.4&Prime; background_size=\u00a0\u00bbinitial\u00a0\u00bb background_position=\u00a0\u00bbtop_left\u00a0\u00bb background_repeat=\u00a0\u00bbrepeat\u00a0\u00bb text_orientation=\u00a0\u00bbjustified\u00a0\u00bb use_border_color=\u00a0\u00bboff\u00a0\u00bb border_color=\u00a0\u00bb#ffffff\u00a0\u00bb border_style=\u00a0\u00bbsolid\u00a0\u00bb global_colors_info=\u00a0\u00bb{}\u00a0\u00bb]<\/p>\n<div class=\"rte\">\n<p><strong>Editeur<\/strong><\/p>\n<p>le site paulinedumail.com appartient \u00e0 la soci\u00e9t\u00e9 SARL FEEL BY SMELL<\/p>\n<p>Au capital de 5000 Euros<\/p>\n<p>20 rue Lavoisier<\/p>\n<p>95300 Pontoise<\/p>\n<p>FRANCE<\/p>\n<p>RCS Pontoise\u00a0 525 271 623<\/p>\n<p>&nbsp;<\/p>\n<\/div>\n<p><strong>Directeur de la publication<\/strong><\/p>\n<p class=\"rte\">Mme Pauline Dumail<\/p>\n<p><strong>Propri\u00e9t\u00e9 Intellectuelle<\/strong><\/p>\n<p>Le site internet www.paulinedumail.com \u00a0rel\u00e8ve du principe de la protection du Droit d&rsquo;Auteur, pos\u00e9 par l&rsquo;article L.111-1 du Code de la Propri\u00e9t\u00e9 Intellectuelle. Il est la propri\u00e9t\u00e9 exclusive de la soci\u00e9t\u00e9 FEEL BY SMELL.<\/p>\n<p>La totalit\u00e9 de son contenu &#8211; textes, logos, scripts, images, ic\u00f4nes\u2026 &#8211; est prot\u00e9g\u00e9e. Aucune copie, reproduction, diffusion, modification, transmission (par t\u00e9l\u00e9chargement, email, ou tout autre support de communication) m\u00eame partielle (autre que celle pr\u00e9vue \u00e0 l&rsquo;article L 122-5 du CPI*) de ce contenu ne peut \u00eatre faite sans l&rsquo;autorisation expresse de la soci\u00e9t\u00e9 FEEL BY SMELL.<\/p>\n<p class=\"rte\"><strong>Garanties et Responsabilit\u00e9<\/strong><\/p>\n<p>Les informations publi\u00e9es sur ce site n&rsquo;ont pas de caract\u00e8re contractuel.<\/p>\n<div class=\"rte\">\n<p>La responsabilit\u00e9 de la soci\u00e9t\u00e9 FEEL BY SMELL ne pourra \u00eatre engag\u00e9e en cas d&rsquo;inexactitude ou d&rsquo;omission.<\/p>\n<p><strong>Modification des Mentions l\u00e9gales<\/strong><\/p>\n<p>FEEL BY SMELL est libre de modifier, \u00e0 tout moment et sans pr\u00e9avis, le contenu du Site.<\/p>\n<p>Derni\u00e8re mise \u00e0 jour : mai 2020 Copyright \u00a9 FEEL BY SMELL<\/p>\n<\/div>\n<p>[\/et_pb_text][\/et_pb_column][\/et_pb_row][\/et_pb_section]<\/p>\n","protected":false},"excerpt":{"rendered":"<p>Mentions l\u00e9gales Editeur le site paulinedumail.com appartient \u00e0 la soci\u00e9t\u00e9 SARL FEEL BY SMELL Au capital de 5000 Euros 20 rue Lavoisier 95300 Pontoise FRANCE RCS Pontoise\u00a0 525 271 623 [&hellip;]<\/p>\n","protected":false},"author":1,"featured_media":0,"parent":0,"menu_order":0,"comment_status":"closed","ping_status":"closed","template":"","meta":{"_et_pb_use_builder":"on","_et_pb_old_content":"","_et_gb_content_width":"","_price":"","_stock":"","_tribe_ticket_header":"","_tribe_default_ticket_provider":"","_tribe_ticket_capacity":"0","_ticket_start_date":"","_ticket_end_date":"","_tribe_ticket_show_description":"","_tribe_ticket_show_not_going":false,"_tribe_ticket_use_global_stock":"","_tribe_ticket_global_stock_level":"","_global_stock_mode":"","_global_stock_cap":"","_tribe_rsvp_for_event":"","_tribe_ticket_going_count":"","_tribe_ticket_not_going_count":"","_tribe_tickets_list":"[]","_tribe_ticket_has_attendee_info_fields":false,"_EventAllDay":false,"_EventTimezone":"","_EventStartDate":"","_EventEndDate":"","_EventStartDateUTC":"","_EventEndDateUTC":"","_EventShowMap":false,"_EventShowMapLink":false,"_EventURL":"","_EventCost":"","_EventCostDescription":"","_EventCurrencySymbol":"","_EventCurrencyCode":"","_EventCurrencyPosition":"","_EventDateTimeSeparator":"","_EventTimeRangeSeparator":"","_EventOrganizerID":[],"_EventVenueID":[],"_OrganizerEmail":"","_OrganizerPhone":"","_OrganizerWebsite":"","_VenueAddress":"","_VenueCity":"","_VenueCountry":"","_VenueProvince":"","_VenueState":"","_VenueZip":"","_VenuePhone":"","_VenueURL":"","_VenueStateProvince":"","_VenueLat":"","_VenueLng":"","_VenueShowMap":false,"_VenueShowMapLink":false,"footnotes":"","_tec_slr_enabled":"","_tec_slr_layout":""},"class_list":["post-1573","page","type-page","status-publish","hentry"],"aioseo_notices":[],"ticketed":false,"_links":{"self":[{"href":"https:\/\/paulinedumail.com\/index.php\/wp-json\/wp\/v2\/pages\/1573","targetHints":{"allow":["GET"]}}],"collection":[{"href":"https:\/\/paulinedumail.com\/index.php\/wp-json\/wp\/v2\/pages"}],"about":[{"href":"https:\/\/paulinedumail.com\/index.php\/wp-json\/wp\/v2\/types\/page"}],"author":[{"embeddable":true,"href":"https:\/\/paulinedumail.com\/index.php\/wp-json\/wp\/v2\/users\/1"}],"replies":[{"embeddable":true,"href":"https:\/\/paulinedumail.com\/index.php\/wp-json\/wp\/v2\/comments?post=1573"}],"version-history":[{"count":16,"href":"https:\/\/paulinedumail.com\/index.php\/wp-json\/wp\/v2\/pages\/1573\/revisions"}],"predecessor-version":[{"id":50428,"href":"https:\/\/paulinedumail.com\/index.php\/wp-json\/wp\/v2\/pages\/1573\/revisions\/50428"}],"wp:attachment":[{"href":"https:\/\/paulinedumail.com\/index.php\/wp-json\/wp\/v2\/media?parent=1573"}],"curies":[{"name":"wp","href":"https:\/\/api.w.org\/{rel}","templated":true}]}}